{"id":390,"date":"2024-05-26T17:51:26","date_gmt":"2024-05-26T15:51:26","guid":{"rendered":"https:\/\/qse-learning.fr\/?page_id=390"},"modified":"2024-08-08T18:07:27","modified_gmt":"2024-08-08T16:07:27","slug":"formation-marque-blanche","status":"publish","type":"page","link":"https:\/\/qse-learning.fr\/index.php\/formation-marque-blanche\/","title":{"rendered":"Formation Marque Blanche"},"content":{"rendered":"\t\t<div data-elementor-type=\"wp-page\" data-elementor-id=\"390\" class=\"elementor elementor-390\" data-elementor-post-type=\"page\">\n\t\t\t\t<div class=\"elementor-element elementor-element-3244a9f e-flex e-con-boxed e-con e-parent\" data-id=\"3244a9f\" data-element_type=\"container\" data-settings=\"{&quot;background_background&quot;:&quot;classic&quot;}\">\n\t\t\t\t\t<div class=\"e-con-inner\">\n\t\t<div class=\"elementor-element elementor-element-be5f343 e-con-full e-flex e-con e-child\" data-id=\"be5f343\" data-element_type=\"container\">\n\t\t\t\t<div class=\"elementor-element elementor-element-95ffaad elementor-widget elementor-widget-jkit_heading\" data-id=\"95ffaad\" data-element_type=\"widget\" data-widget_type=\"jkit_heading.default\">\n\t\t\t\t<div class=\"elementor-widget-container\">\n\t\t\t<div  class=\"jeg-elementor-kit jkit-heading  align-center align-tablet- align-mobile- jeg_module___6a01fbb4c293e\" ><div class=\"heading-section-title  display-inline-block\"><h2 class=\"heading-title\">Notre Formation<span class=\"style-color\"><span>Marque Blanche<\/span><\/span><\/h2><\/div><\/div>\t\t<\/div>\n\t\t\t\t<\/div>\n\t\t\t\t<div class=\"elementor-element elementor-element-28c6240 elementor-widget__width-initial elementor-widget elementor-widget-text-editor\" data-id=\"28c6240\" data-element_type=\"widget\" data-widget_type=\"text-editor.default\">\n\t\t\t\t<div class=\"elementor-widget-container\">\n\t\t\t\t\t\t\t<p>Nos templates couvrent une vari\u00e9t\u00e9 de domaines essentiels tels que la s\u00e9curit\u00e9 incendie, les obligations de l&#8217;employeur en mati\u00e8re de sant\u00e9 et s\u00e9curit\u00e9 au travail , les risques routiers, l&rsquo;ergonomie au poste de travail, les risques psychosociaux, la manutention manuelle et m\u00e9canique des charges, la circulation sur le lieu de travail, et la gestion des d\u00e9chets. Chacun de ces templates a \u00e9t\u00e9 soigneusement \u00e9labor\u00e9 par des experts du domaine QSE, garantissant la pertinence, l&rsquo;exactitude et la qualit\u00e9 de chaque contenu.<\/p>\t\t\t\t\t\t<\/div>\n\t\t\t\t<\/div>\n\t\t\t\t<\/div>\n\t\t\t\t\t<\/div>\n\t\t\t\t<\/div>\n\t\t<div class=\"elementor-element elementor-element-392f4324 e-flex e-con-boxed e-con e-parent\" data-id=\"392f4324\" data-element_type=\"container\">\n\t\t\t\t\t<div class=\"e-con-inner\">\n\t\t<div class=\"elementor-element elementor-element-6b70a465 e-con-full e-flex e-con e-child\" data-id=\"6b70a465\" data-element_type=\"container\">\n\t\t\t\t<div class=\"elementor-element elementor-element-19c40627 elementor-widget__width-initial elementor-widget elementor-widget-jkit_heading\" data-id=\"19c40627\" data-element_type=\"widget\" data-widget_type=\"jkit_heading.default\">\n\t\t\t\t<div class=\"elementor-widget-container\">\n\t\t\t<div  class=\"jeg-elementor-kit jkit-heading  align-center align-tablet-center align-mobile-center jeg_module__1_6a01fbb4c428a\" ><div class=\"heading-section-title  display-inline-block\"><h2 class=\"heading-title\">Vous \u00eates Consultant HSE QSE \/ Formateur en Freelance ?<\/h2><\/div><\/div>\t\t<\/div>\n\t\t\t\t<\/div>\n\t\t\t\t<\/div>\n\t\t<div class=\"elementor-element elementor-element-d55861e e-con-full e-flex e-con e-child\" data-id=\"d55861e\" data-element_type=\"container\">\n\t\t<div class=\"elementor-element elementor-element-1bcb78b1 e-con-full animated-fast e-flex elementor-invisible e-con e-child\" data-id=\"1bcb78b1\" data-element_type=\"container\" data-settings=\"{&quot;animation&quot;:&quot;slideInUp&quot;,&quot;animation_delay&quot;:150,&quot;background_background&quot;:&quot;classic&quot;}\">\n\t\t\t\t<div class=\"elementor-element elementor-element-305af2a9 elementor-widget__width-initial elementor-widget elementor-widget-jkit_heading\" data-id=\"305af2a9\" data-element_type=\"widget\" data-widget_type=\"jkit_heading.default\">\n\t\t\t\t<div class=\"elementor-widget-container\">\n\t\t\t<div  class=\"jeg-elementor-kit jkit-heading  align- align-tablet- align-mobile- jeg_module__2_6a01fbb4c4f8c\" ><div class=\"heading-section-title  display-inline-block\"><h4 class=\"heading-title\">Gagnez du temps <\/h4><\/div><div class=\"heading-section-description\"><p>Nos templates pr\u00eats \u00e0 l'emploi vous font gagner du temps pour vous concentrer sur vos formations de qualit\u00e9.<\/p><\/div><\/div>\t\t<\/div>\n\t\t\t\t<\/div>\n\t\t\t\t<\/div>\n\t\t<div class=\"elementor-element elementor-element-19653b9b e-con-full animated-fast e-flex elementor-invisible e-con e-child\" data-id=\"19653b9b\" data-element_type=\"container\" data-settings=\"{&quot;animation&quot;:&quot;slideInUp&quot;,&quot;animation_delay&quot;:150,&quot;background_background&quot;:&quot;classic&quot;}\">\n\t\t\t\t<div class=\"elementor-element elementor-element-240a871a elementor-widget__width-initial elementor-widget elementor-widget-jkit_heading\" data-id=\"240a871a\" data-element_type=\"widget\" data-widget_type=\"jkit_heading.default\">\n\t\t\t\t<div class=\"elementor-widget-container\">\n\t\t\t<div  class=\"jeg-elementor-kit jkit-heading  align- align-tablet- align-mobile- jeg_module__3_6a01fbb4c58d4\" ><div class=\"heading-section-title  display-inline-block\"><h4 class=\"heading-title\">Expertise garantie<\/h4><\/div><div class=\"heading-section-description\"><p>B\u00e9n\u00e9ficiez de l'expertise d'une \u00e9quipe QSE, avec des templates conformes aux normes du secteur pour des formations \u00e0 la pointe.<\/p><\/div><\/div>\t\t<\/div>\n\t\t\t\t<\/div>\n\t\t\t\t<\/div>\n\t\t<div class=\"elementor-element elementor-element-36bfe87b e-con-full animated-fast e-flex elementor-invisible e-con e-child\" data-id=\"36bfe87b\" data-element_type=\"container\" data-settings=\"{&quot;animation&quot;:&quot;slideInUp&quot;,&quot;animation_delay&quot;:150,&quot;background_background&quot;:&quot;classic&quot;}\">\n\t\t\t\t<div class=\"elementor-element elementor-element-1aed62d0 elementor-widget__width-initial elementor-widget elementor-widget-jkit_heading\" data-id=\"1aed62d0\" data-element_type=\"widget\" data-widget_type=\"jkit_heading.default\">\n\t\t\t\t<div class=\"elementor-widget-container\">\n\t\t\t<div  class=\"jeg-elementor-kit jkit-heading  align- align-tablet- align-mobile- jeg_module__4_6a01fbb4c60ff\" ><div class=\"heading-section-title  display-inline-block\"><h4 class=\"heading-title\">Adaptabilit\u00e9 <\/h4><\/div><div class=\"heading-section-description\"><p>Personnalisez nos templates selon vos besoins et ceux de vos clients, tout en profitant d'une base solide.<\/p><\/div><\/div>\t\t<\/div>\n\t\t\t\t<\/div>\n\t\t\t\t<\/div>\n\t\t<div class=\"elementor-element elementor-element-15915a67 e-con-full animated-fast e-flex elementor-invisible e-con e-child\" data-id=\"15915a67\" data-element_type=\"container\" data-settings=\"{&quot;animation&quot;:&quot;slideInUp&quot;,&quot;animation_delay&quot;:150,&quot;background_background&quot;:&quot;classic&quot;}\">\n\t\t\t\t<div class=\"elementor-element elementor-element-4ca3c332 elementor-widget__width-initial elementor-widget elementor-widget-jkit_heading\" data-id=\"4ca3c332\" data-element_type=\"widget\" data-widget_type=\"jkit_heading.default\">\n\t\t\t\t<div class=\"elementor-widget-container\">\n\t\t\t<div  class=\"jeg-elementor-kit jkit-heading  align- align-tablet- align-mobile- jeg_module__5_6a01fbb4c69b4\" ><div class=\"heading-section-title  display-inline-block\"><h4 class=\"heading-title\">S\u00e9r\u00e9nit\u00e9 Professionnelle <\/h4><\/div><div class=\"heading-section-description\"><p>Offrez \u00e0 vos clients des formations de qualit\u00e9 professionnelle, renfor\u00e7ant votre r\u00e9putation et augmentant votre attractivit\u00e9 sur le march\u00e9.<\/p><\/div><\/div>\t\t<\/div>\n\t\t\t\t<\/div>\n\t\t\t\t<\/div>\n\t\t\t\t<\/div>\n\t\t\t\t\t<\/div>\n\t\t\t\t<\/div>\n\t\t<div class=\"elementor-element elementor-element-dd57250 e-flex e-con-boxed e-con e-parent\" data-id=\"dd57250\" data-element_type=\"container\" data-settings=\"{&quot;background_background&quot;:&quot;gradient&quot;}\">\n\t\t\t\t\t<div class=\"e-con-inner\">\n\t\t<div class=\"elementor-element elementor-element-eca14f9 e-flex e-con-boxed e-con e-child\" data-id=\"eca14f9\" data-element_type=\"container\">\n\t\t\t\t\t<div class=\"e-con-inner\">\n\t\t\t\t<div class=\"elementor-element elementor-element-4eec14f elementor-widget elementor-widget-jkit_heading\" data-id=\"4eec14f\" data-element_type=\"widget\" data-widget_type=\"jkit_heading.default\">\n\t\t\t\t<div class=\"elementor-widget-container\">\n\t\t\t<div  class=\"jeg-elementor-kit jkit-heading  align-center align-tablet- align-mobile- jeg_module__6_6a01fbb4c77f7\" ><div class=\"heading-section-title  display-inline-block\"><h2 class=\"heading-title\">Besoin<span class=\"style-color\"><span>d&#039;informations ?<\/span><\/span><\/h2><\/div><\/div>\t\t<\/div>\n\t\t\t\t<\/div>\n\t\t\t\t\t<\/div>\n\t\t\t\t<\/div>\n\t\t<div class=\"elementor-element elementor-element-0403d14 e-con-full e-flex e-con e-child\" data-id=\"0403d14\" data-element_type=\"container\">\n\t\t\t\t<div class=\"elementor-element elementor-element-6e36d64 elementor-widget__width-initial elementor-widget elementor-widget-jkit_accordion\" data-id=\"6e36d64\" data-element_type=\"widget\" data-widget_type=\"jkit_accordion.default\">\n\t\t\t\t<div class=\"elementor-widget-container\">\n\t\t\t<div  class=\"jeg-elementor-kit jkit-accordion style-default jeg_module__7_6a01fbb4ccde4\" ><div class=\"card-wrapper \">\n                <div class=\"card-header\">\n                    <a href=\"#expand-faa513c\" class=\"card-header-button\" aria-expanded=\"false\" data-target=\"#expand-faa513c\" aria-controls=\"expand-faa513c\">\n                        <span class=\"title\">1.\tComment puis-je m&#039;inscrire \u00e0 une formation en e-learning ?<\/span><div class=\"right-icon-group\">\n                <div class=\"normal-icon\"><i aria-hidden=\"true\" class=\"jki jki-down-arrow1-light\"><\/i><\/div>\n                <div class=\"active-icon\"><i aria-hidden=\"true\" class=\"jki jki-up-arrow1-light\"><\/i><\/div>\n            <\/div>\n                    <\/a>\n                <\/div>\n                <div class=\"card-expand\" id=\"expand-faa513c\" style=\"display:none\"><div class=\"card-body\"><p>Pour vous inscrire \u00e0 une formation en e-learning, il vous suffit de vous rendre sur notre site internet, de choisir la formation souhait\u00e9e et de suivre les instructions pour vous inscrire individuellement.<\/p><\/div><\/div>\n            <\/div><div class=\"card-wrapper \">\n                <div class=\"card-header\">\n                    <a href=\"#expand-6331713\" class=\"card-header-button\" aria-expanded=\"false\" data-target=\"#expand-6331713\" aria-controls=\"expand-6331713\">\n                        <span class=\"title\">2.\tQuel est le processus apr\u00e8s l&#039;inscription \u00e0 une formation en e-learning ?<\/span><div class=\"right-icon-group\">\n                <div class=\"normal-icon\"><i aria-hidden=\"true\" class=\"jki jki-down-arrow1-light\"><\/i><\/div>\n                <div class=\"active-icon\"><i aria-hidden=\"true\" class=\"jki jki-up-arrow1-light\"><\/i><\/div>\n            <\/div>\n                    <\/a>\n                <\/div>\n                <div class=\"card-expand\" id=\"expand-6331713\" style=\"display:none\"><div class=\"card-body\"><p>Apr\u00e8s votre inscription, vous serez contact\u00e9 par notre \u00e9quipe pour \u00e9valuer l\u2019ad\u00e9quation de notre formation \u00e0 vos besoins. Apr\u00e8s signature des documents contractuels, vous aurez un acc\u00e8s \u00e0 notre plateforme o\u00f9 vous pourrez suivre votre formation.<\/p><\/div><\/div>\n            <\/div><div class=\"card-wrapper \">\n                <div class=\"card-header\">\n                    <a href=\"#expand-55c5822\" class=\"card-header-button\" aria-expanded=\"false\" data-target=\"#expand-55c5822\" aria-controls=\"expand-55c5822\">\n                        <span class=\"title\">3.\tCombien de temps ai-je pour compl\u00e9ter une formation en e-learning ?<\/span><div class=\"right-icon-group\">\n                <div class=\"normal-icon\"><i aria-hidden=\"true\" class=\"jki jki-down-arrow1-light\"><\/i><\/div>\n                <div class=\"active-icon\"><i aria-hidden=\"true\" class=\"jki jki-up-arrow1-light\"><\/i><\/div>\n            <\/div>\n                    <\/a>\n                <\/div>\n                <div class=\"card-expand\" id=\"expand-55c5822\" style=\"display:none\"><div class=\"card-body\"><p>Vous avez g\u00e9n\u00e9ralement un acc\u00e8s illimit\u00e9 \u00e0 la formation pendant une p\u00e9riode d\u00e9termin\u00e9e, souvent de plusieurs mois. Les d\u00e9tails sp\u00e9cifiques seront fournis lors de votre inscription.<\/p><\/div><\/div>\n            <\/div><div class=\"card-wrapper \">\n                <div class=\"card-header\">\n                    <a href=\"#expand-0949554\" class=\"card-header-button\" aria-expanded=\"false\" data-target=\"#expand-0949554\" aria-controls=\"expand-0949554\">\n                        <span class=\"title\">4.\tComment obtenir un devis pour les formations en ligne et en pr\u00e9sentiel ?<\/span><div class=\"right-icon-group\">\n                <div class=\"normal-icon\"><i aria-hidden=\"true\" class=\"jki jki-down-arrow1-light\"><\/i><\/div>\n                <div class=\"active-icon\"><i aria-hidden=\"true\" class=\"jki jki-up-arrow1-light\"><\/i><\/div>\n            <\/div>\n                    <\/a>\n                <\/div>\n                <div class=\"card-expand\" id=\"expand-0949554\" style=\"display:none\"><div class=\"card-body\"><p>Pour obtenir un devis, veuillez nous contacter via le formulaire de contact disponible sur notre site ou par t\u00e9l\u00e9phone. Nous vous r\u00e9pondrons dans les plus brefs d\u00e9lais avec une proposition adapt\u00e9e \u00e0 vos besoins.<\/p><\/div><\/div>\n            <\/div><div class=\"card-wrapper \">\n                <div class=\"card-header\">\n                    <a href=\"#expand-34880e7\" class=\"card-header-button\" aria-expanded=\"false\" data-target=\"#expand-34880e7\" aria-controls=\"expand-34880e7\">\n                        <span class=\"title\">5.\tComment fonctionne le financement par les OPCO pour les entreprises ?<\/span><div class=\"right-icon-group\">\n                <div class=\"normal-icon\"><i aria-hidden=\"true\" class=\"jki jki-down-arrow1-light\"><\/i><\/div>\n                <div class=\"active-icon\"><i aria-hidden=\"true\" class=\"jki jki-up-arrow1-light\"><\/i><\/div>\n            <\/div>\n                    <\/a>\n                <\/div>\n                <div class=\"card-expand\" id=\"expand-34880e7\" style=\"display:none\"><div class=\"card-body\"><p>Les entreprises peuvent b\u00e9n\u00e9ficier de financements par les OPCO (Op\u00e9rateurs de Comp\u00e9tences) pour la formation de leurs employ\u00e9s. Une fois certifi\u00e9s Qualiopi, nos formations seront \u00e9ligibles \u00e0 ce type de financement. Les entreprises devront soumettre une demande de prise en charge aupr\u00e8s de leur OPCO.<\/p><\/div><\/div>\n            <\/div><div class=\"card-wrapper \">\n                <div class=\"card-header\">\n                    <a href=\"#expand-f8c1006\" class=\"card-header-button\" aria-expanded=\"false\" data-target=\"#expand-f8c1006\" aria-controls=\"expand-f8c1006\">\n                        <span class=\"title\">6. Quels documents sont n\u00e9cessaires pour b\u00e9n\u00e9ficier du financement par les OPCO ?<\/span><div class=\"right-icon-group\">\n                <div class=\"normal-icon\"><i aria-hidden=\"true\" class=\"jki jki-down-arrow1-light\"><\/i><\/div>\n                <div class=\"active-icon\"><i aria-hidden=\"true\" class=\"jki jki-up-arrow1-light\"><\/i><\/div>\n            <\/div>\n                    <\/a>\n                <\/div>\n                <div class=\"card-expand\" id=\"expand-f8c1006\" style=\"display:none\"><div class=\"card-body\"><p>Les documents requis incluent g\u00e9n\u00e9ralement le devis de formation, le programme de formation, et la convention de formation. Votre OPCO pourra fournir une liste pr\u00e9cise des documents n\u00e9cessaires.<\/p><\/div><\/div>\n            <\/div><div class=\"card-wrapper \">\n                <div class=\"card-header\">\n                    <a href=\"#expand-f78e6d2\" class=\"card-header-button\" aria-expanded=\"false\" data-target=\"#expand-f78e6d2\" aria-controls=\"expand-f78e6d2\">\n                        <span class=\"title\">7.\tComment acc\u00e9der \u00e0 la plateforme LMS apr\u00e8s l&#039;inscription ?<\/span><div class=\"right-icon-group\">\n                <div class=\"normal-icon\"><i aria-hidden=\"true\" class=\"jki jki-down-arrow1-light\"><\/i><\/div>\n                <div class=\"active-icon\"><i aria-hidden=\"true\" class=\"jki jki-up-arrow1-light\"><\/i><\/div>\n            <\/div>\n                    <\/a>\n                <\/div>\n                <div class=\"card-expand\" id=\"expand-f78e6d2\" style=\"display:none\"><div class=\"card-body\"><p>Apr\u00e8s votre inscription, vous recevrez un email avec les informations de connexion \u00e0 notre plateforme. Vous pourrez y acc\u00e9der \u00e0 tout moment pour suivre votre formation.<\/p><\/div><\/div>\n            <\/div><div class=\"card-wrapper \">\n                <div class=\"card-header\">\n                    <a href=\"#expand-7ef1da6\" class=\"card-header-button\" aria-expanded=\"false\" data-target=\"#expand-7ef1da6\" aria-controls=\"expand-7ef1da6\">\n                        <span class=\"title\">8.\tQue faire si j&#039;ai des probl\u00e8mes techniques avec la plateforme ?<\/span><div class=\"right-icon-group\">\n                <div class=\"normal-icon\"><i aria-hidden=\"true\" class=\"jki jki-down-arrow1-light\"><\/i><\/div>\n                <div class=\"active-icon\"><i aria-hidden=\"true\" class=\"jki jki-up-arrow1-light\"><\/i><\/div>\n            <\/div>\n                    <\/a>\n                <\/div>\n                <div class=\"card-expand\" id=\"expand-7ef1da6\" style=\"display:none\"><div class=\"card-body\"><p>Si vous rencontrez des probl\u00e8mes techniques, vous pouvez contacter notre support via le formulaire de contact sur notre site ou par email : contact@qse-learning.fr. Nous nous efforcerons de r\u00e9soudre votre probl\u00e8me dans les plus brefs d\u00e9lais.<\/p><\/div><\/div>\n            <\/div><div class=\"card-wrapper \">\n                <div class=\"card-header\">\n                    <a href=\"#expand-001490b\" class=\"card-header-button\" aria-expanded=\"false\" data-target=\"#expand-001490b\" aria-controls=\"expand-001490b\">\n                        <span class=\"title\">10.\tQuand et comment recevrai-je mon certificat de r\u00e9ussite ?<\/span><div class=\"right-icon-group\">\n                <div class=\"normal-icon\"><i aria-hidden=\"true\" class=\"jki jki-down-arrow1-light\"><\/i><\/div>\n                <div class=\"active-icon\"><i aria-hidden=\"true\" class=\"jki jki-up-arrow1-light\"><\/i><\/div>\n            <\/div>\n                    <\/a>\n                <\/div>\n                <div class=\"card-expand\" id=\"expand-001490b\" style=\"display:none\"><div class=\"card-body\"><p>Une fois le quiz r\u00e9ussi, votre certificat de r\u00e9ussite vous sera envoy\u00e9 par email sous quelques jours. Ce certificat atteste que vous avez compl\u00e9t\u00e9 et r\u00e9ussi la formation.<\/p><\/div><\/div>\n            <\/div><\/div>\t\t<\/div>\n\t\t\t\t<\/div>\n\t\t\t\t<\/div>\n\t\t\t\t\t<\/div>\n\t\t\t\t<\/div>\n\t\t<div class=\"elementor-element elementor-element-c8fd957 e-con-full e-flex e-con e-parent\" data-id=\"c8fd957\" data-element_type=\"container\" data-settings=\"{&quot;background_background&quot;:&quot;classic&quot;}\">\n\t\t<div class=\"elementor-element elementor-element-6279daa e-con-full e-flex e-con e-child\" data-id=\"6279daa\" data-element_type=\"container\" data-settings=\"{&quot;background_background&quot;:&quot;classic&quot;}\">\n\t\t<div class=\"elementor-element elementor-element-54b515f e-flex e-con-boxed e-con e-child\" data-id=\"54b515f\" data-element_type=\"container\">\n\t\t\t\t\t<div class=\"e-con-inner\">\n\t\t<div class=\"elementor-element elementor-element-5320bac e-con-full e-flex e-con e-child\" data-id=\"5320bac\" data-element_type=\"container\">\n\t\t\t\t<div class=\"elementor-element elementor-element-27d6e04 animated-fast elementor-invisible elementor-widget elementor-widget-jkit_heading\" data-id=\"27d6e04\" data-element_type=\"widget\" data-settings=\"{&quot;_animation&quot;:&quot;slideInUp&quot;,&quot;_animation_delay&quot;:200}\" data-widget_type=\"jkit_heading.default\">\n\t\t\t\t<div class=\"elementor-widget-container\">\n\t\t\t<div  class=\"jeg-elementor-kit jkit-heading  align- align-tablet- align-mobile-center jeg_module__8_6a01fbb4cf210\" ><div class=\"heading-section-title  display-inline-block\"><h2 class=\"heading-title\">Abonnez-vous \u00e0 notre <span class=\"style-color\"><span>Newsletter <\/span><\/span><\/h2><\/div><\/div>\t\t<\/div>\n\t\t\t\t<\/div>\n\t\t\t\t<\/div>\n\t\t<div class=\"elementor-element elementor-element-18a6e0d e-con-full e-flex e-con e-child\" data-id=\"18a6e0d\" data-element_type=\"container\">\n\t\t\t\t<div class=\"elementor-element elementor-element-25c0c63 elementor-button-align-stretch elementor-widget elementor-widget-form\" data-id=\"25c0c63\" data-element_type=\"widget\" data-settings=\"{&quot;step_next_label&quot;:&quot;Suivant&quot;,&quot;step_previous_label&quot;:&quot;Pr\\u00e9c\\u00e9dent&quot;,&quot;step_type&quot;:&quot;number_text&quot;,&quot;step_icon_shape&quot;:&quot;circle&quot;}\" data-widget_type=\"form.default\">\n\t\t\t\t<div class=\"elementor-widget-container\">\n\t\t\t\t\t<form class=\"elementor-form\" method=\"post\" name=\"Nouveau formulaire\">\n\t\t\t<input type=\"hidden\" name=\"post_id\" value=\"390\"\/>\n\t\t\t<input type=\"hidden\" name=\"form_id\" value=\"25c0c63\"\/>\n\t\t\t<input type=\"hidden\" name=\"referer_title\" value=\"\" \/>\n\n\t\t\t\n\t\t\t<div class=\"elementor-form-fields-wrapper elementor-labels-above\">\n\t\t\t\t\t\t\t\t<div class=\"elementor-field-type-email elementor-field-group elementor-column elementor-field-group-email elementor-col-100 elementor-field-required\">\n\t\t\t\t\t\t\t\t\t\t\t\t<label for=\"form-field-email\" class=\"elementor-field-label\">\n\t\t\t\t\t\t\t\tE-mail\t\t\t\t\t\t\t<\/label>\n\t\t\t\t\t\t\t\t\t\t\t\t\t\t<input size=\"1\" type=\"email\" name=\"form_fields[email]\" id=\"form-field-email\" class=\"elementor-field elementor-size-sm  elementor-field-textual\" placeholder=\"E-mail\" required=\"required\" aria-required=\"true\">\n\t\t\t\t\t\t\t\t\t\t\t<\/div>\n\t\t\t\t\t\t\t\t<div class=\"elementor-field-group elementor-column elementor-field-type-submit elementor-col-100 e-form__buttons\">\n\t\t\t\t\t<button class=\"elementor-button elementor-size-sm elementor-animation-grow\" type=\"submit\">\n\t\t\t\t\t\t<span class=\"elementor-button-content-wrapper\">\n\t\t\t\t\t\t\t\t\t\t\t\t\t\t\t\t\t\t\t\t\t\t<span class=\"elementor-button-text\">Je m'inscris<\/span>\n\t\t\t\t\t\t\t\t\t\t\t\t\t<\/span>\n\t\t\t\t\t<\/button>\n\t\t\t\t<\/div>\n\t\t\t<\/div>\n\t\t<\/form>\n\t\t\t\t<\/div>\n\t\t\t\t<\/div>\n\t\t\t\t<\/div>\n\t\t\t\t\t<\/div>\n\t\t\t\t<\/div>\n\t\t\t\t<\/div>\n\t\t\t\t<\/div>\n\t\t\t\t<\/div>\n\t\t","protected":false},"excerpt":{"rendered":"<p>Notre FormationMarque Blanche Nos templates couvrent une vari\u00e9t\u00e9 de domaines essentiels tels que la s\u00e9curit\u00e9 incendie, les obligations de l&#8217;employeur en mati\u00e8re de sant\u00e9 et s\u00e9curit\u00e9 au travail , les risques routiers, l&rsquo;ergonomie au poste de travail, les risques psychosociaux, la manutention manuelle et m\u00e9canique des charges, la circulation sur le lieu de travail, et [&hellip;]<\/p>\n","protected":false},"author":2,"featured_media":0,"parent":0,"menu_order":0,"comment_status":"closed","ping_status":"closed","template":"elementor_header_footer","meta":{"_mo_disable_npp":"","footnotes":""},"_links":{"self":[{"href":"https:\/\/qse-learning.fr\/index.php\/wp-json\/wp\/v2\/pages\/390"}],"collection":[{"href":"https:\/\/qse-learning.fr\/index.php\/wp-json\/wp\/v2\/pages"}],"about":[{"href":"https:\/\/qse-learning.fr\/index.php\/wp-json\/wp\/v2\/types\/page"}],"author":[{"embeddable":true,"href":"https:\/\/qse-learning.fr\/index.php\/wp-json\/wp\/v2\/users\/2"}],"replies":[{"embeddable":true,"href":"https:\/\/qse-learning.fr\/index.php\/wp-json\/wp\/v2\/comments?post=390"}],"version-history":[{"count":40,"href":"https:\/\/qse-learning.fr\/index.php\/wp-json\/wp\/v2\/pages\/390\/revisions"}],"predecessor-version":[{"id":1510,"href":"https:\/\/qse-learning.fr\/index.php\/wp-json\/wp\/v2\/pages\/390\/revisions\/1510"}],"wp:attachment":[{"href":"https:\/\/qse-learning.fr\/index.php\/wp-json\/wp\/v2\/media?parent=390"}],"curies":[{"name":"wp","href":"https:\/\/api.w.org\/{rel}","templated":true}]}}